{"id":158,"date":"2023-01-04T22:01:09","date_gmt":"2023-01-04T22:01:09","guid":{"rendered":"https:\/\/epopeianumerica.pt\/?page_id=158"},"modified":"2023-01-10T21:43:04","modified_gmt":"2023-01-10T21:43:04","slug":"quem-somos-2","status":"publish","type":"page","link":"https:\/\/epopeianumerica.pt\/?page_id=158","title":{"rendered":"QUEM SOMOS"},"content":{"rendered":"\n<p class=\"has-white-color has-text-color\">SFDGFHFDRFEREWFGERGADSGGTRFESD<\/p>\n\n\n\n<p><\/p>\n\n\n\n<p class=\"has-black-color has-text-color\" style=\"font-size:18px\">A Epopeia Num\u00e9rica surge da vontade de dois jovens apresentarem um servi\u00e7o respons\u00e1vel e competente, num mercado cada vez mais concorrente, onde s\u00f3 a qualidade vinga.<\/p>\n\n\n\n<p class=\"has-black-color has-text-color\" style=\"font-size:18px\">Com uma equipa din\u00e2mica, experiente e jovem, procuramos obter os melhores resultados junto dos nossos clientes, contando com uma rede de Parceiros dispon\u00edveis, que proporcionam \u00a0assim uma melhor liga\u00e7\u00e3o entre a presta\u00e7\u00e3o de servi\u00e7os e o cliente.<\/p>\n\n\n\n<p class=\"has-black-color has-text-color\" style=\"font-size:18px\">Procuramos promover ainda uma maior proximidade, sempre numa \u00f3ptica de bem-estar profissional e social, e responder \u00e0s necessidades de todos os que nos procuram, construindo juntos uma hist\u00f3ria de sucesso e longevidade.<\/p>\n\n\n\n<p class=\"has-white-color has-text-color\">WQEFRDGFTHYTGRSFEASGDHFJHGHFDGS<\/p>\n\n\n\n<p><\/p>\n\n\n<div class=\"wp-block-image\">\n<figure class=\"aligncenter size-large is-resized\"><img loading=\"lazy\" decoding=\"async\" src=\"https:\/\/epopeianumerica.pt\/wp-content\/uploads\/2023\/01\/3-2-1024x576.png\" alt=\"\" class=\"wp-image-201\" width=\"874\" height=\"491\" srcset=\"https:\/\/epopeianumerica.pt\/wp-content\/uploads\/2023\/01\/3-2-1024x576.png 1024w, https:\/\/epopeianumerica.pt\/wp-content\/uploads\/2023\/01\/3-2-300x169.png 300w, https:\/\/epopeianumerica.pt\/wp-content\/uploads\/2023\/01\/3-2-768x432.png 768w, https:\/\/epopeianumerica.pt\/wp-content\/uploads\/2023\/01\/3-2.png 1366w\" sizes=\"auto, (max-width: 874px) 100vw, 874px\" \/><figcaption class=\"wp-element-caption\">Fotografias de David Martins<\/figcaption><\/figure>\n<\/div>","protected":false},"excerpt":{"rendered":"<p>SFDGFHFDRFEREWFGERGADSGGTRFESD A Epopeia Num\u00e9rica surge da vontade de dois jovens apresentarem um servi\u00e7o respons\u00e1vel e competente, num mercado cada vez mais concorrente, onde s\u00f3 a qualidade vinga. Com uma equipa &#8230;<\/p>\n","protected":false},"author":1,"featured_media":0,"parent":0,"menu_order":0,"comment_status":"closed","ping_status":"closed","template":"","meta":{"footnotes":""},"class_list":["post-158","page","type-page","status-publish","hentry"],"_links":{"self":[{"href":"https:\/\/epopeianumerica.pt\/index.php?rest_route=\/wp\/v2\/pages\/158","targetHints":{"allow":["GET"]}}],"collection":[{"href":"https:\/\/epopeianumerica.pt\/index.php?rest_route=\/wp\/v2\/pages"}],"about":[{"href":"https:\/\/epopeianumerica.pt\/index.php?rest_route=\/wp\/v2\/types\/page"}],"author":[{"embeddable":true,"href":"https:\/\/epopeianumerica.pt\/index.php?rest_route=\/wp\/v2\/users\/1"}],"replies":[{"embeddable":true,"href":"https:\/\/epopeianumerica.pt\/index.php?rest_route=%2Fwp%2Fv2%2Fcomments&post=158"}],"version-history":[{"count":9,"href":"https:\/\/epopeianumerica.pt\/index.php?rest_route=\/wp\/v2\/pages\/158\/revisions"}],"predecessor-version":[{"id":257,"href":"https:\/\/epopeianumerica.pt\/index.php?rest_route=\/wp\/v2\/pages\/158\/revisions\/257"}],"wp:attachment":[{"href":"https:\/\/epopeianumerica.pt\/index.php?rest_route=%2Fwp%2Fv2%2Fmedia&parent=158"}],"curies":[{"name":"wp","href":"https:\/\/api.w.org\/{rel}","templated":true}]}}