{"id":166,"date":"2023-01-04T22:07:35","date_gmt":"2023-01-04T22:07:35","guid":{"rendered":"https:\/\/epopeianumerica.pt\/?page_id=166"},"modified":"2023-01-11T15:40:13","modified_gmt":"2023-01-11T15:40:13","slug":"servicos-2","status":"publish","type":"page","link":"https:\/\/epopeianumerica.pt\/?page_id=166","title":{"rendered":"SERVI\u00c7OS"},"content":{"rendered":"\n<p class=\"has-white-color has-text-color\">SDFGJHGHFDGHGJ<\/p>\n\n\n\n<p class=\"has-black-color has-text-color has-medium-font-size\">No Grupo Epopeia tem ao seu dispor diversos servi\u00e7os, que procuram solucionar v\u00e1rias quest\u00f5es do seu dia-a-dia:<\/p>\n\n\n\n<figure class=\"wp-block-image size-large\"><img loading=\"lazy\" decoding=\"async\" width=\"1024\" height=\"576\" src=\"https:\/\/epopeianumerica.pt\/wp-content\/uploads\/2023\/01\/5-2-1024x576.png\" alt=\"\" class=\"wp-image-266\" srcset=\"https:\/\/epopeianumerica.pt\/wp-content\/uploads\/2023\/01\/5-2-1024x576.png 1024w, https:\/\/epopeianumerica.pt\/wp-content\/uploads\/2023\/01\/5-2-300x169.png 300w, https:\/\/epopeianumerica.pt\/wp-content\/uploads\/2023\/01\/5-2-768x432.png 768w, https:\/\/epopeianumerica.pt\/wp-content\/uploads\/2023\/01\/5-2.png 1366w\" sizes=\"auto, (max-width: 1024px) 100vw, 1024px\" \/><\/figure>\n\n\n\n<p class=\"has-white-color has-text-color\"><\/p>\n\n\n\n<figure class=\"wp-block-image size-large\"><img loading=\"lazy\" decoding=\"async\" width=\"1024\" height=\"683\" src=\"https:\/\/epopeianumerica.pt\/wp-content\/uploads\/2023\/01\/DM2_2268-1-1024x683.jpg\" alt=\"\" class=\"wp-image-119\" srcset=\"https:\/\/epopeianumerica.pt\/wp-content\/uploads\/2023\/01\/DM2_2268-1-1024x683.jpg 1024w, https:\/\/epopeianumerica.pt\/wp-content\/uploads\/2023\/01\/DM2_2268-1-300x200.jpg 300w, https:\/\/epopeianumerica.pt\/wp-content\/uploads\/2023\/01\/DM2_2268-1-768x512.jpg 768w, https:\/\/epopeianumerica.pt\/wp-content\/uploads\/2023\/01\/DM2_2268-1-1536x1024.jpg 1536w, https:\/\/epopeianumerica.pt\/wp-content\/uploads\/2023\/01\/DM2_2268-1-2048x1365.jpg 2048w\" sizes=\"auto, (max-width: 1024px) 100vw, 1024px\" \/><\/figure>\n\n\n\n<figure class=\"wp-block-image size-large\"><img loading=\"lazy\" decoding=\"async\" width=\"1024\" height=\"576\" src=\"https:\/\/epopeianumerica.pt\/wp-content\/uploads\/2023\/01\/6-2-1024x576.png\" alt=\"\" class=\"wp-image-268\" srcset=\"https:\/\/epopeianumerica.pt\/wp-content\/uploads\/2023\/01\/6-2-1024x576.png 1024w, https:\/\/epopeianumerica.pt\/wp-content\/uploads\/2023\/01\/6-2-300x169.png 300w, https:\/\/epopeianumerica.pt\/wp-content\/uploads\/2023\/01\/6-2-768x432.png 768w, https:\/\/epopeianumerica.pt\/wp-content\/uploads\/2023\/01\/6-2.png 1366w\" sizes=\"auto, (max-width: 1024px) 100vw, 1024px\" \/><\/figure>\n\n\n\n<figure class=\"wp-block-image size-large\"><img loading=\"lazy\" decoding=\"async\" width=\"1024\" height=\"683\" src=\"https:\/\/epopeianumerica.pt\/wp-content\/uploads\/2023\/01\/DM2_2295-1024x683.jpg\" alt=\"\" class=\"wp-image-105\" srcset=\"https:\/\/epopeianumerica.pt\/wp-content\/uploads\/2023\/01\/DM2_2295-1024x683.jpg 1024w, https:\/\/epopeianumerica.pt\/wp-content\/uploads\/2023\/01\/DM2_2295-300x200.jpg 300w, https:\/\/epopeianumerica.pt\/wp-content\/uploads\/2023\/01\/DM2_2295-768x512.jpg 768w, https:\/\/epopeianumerica.pt\/wp-content\/uploads\/2023\/01\/DM2_2295-1536x1024.jpg 1536w, https:\/\/epopeianumerica.pt\/wp-content\/uploads\/2023\/01\/DM2_2295-2048x1365.jpg 2048w\" sizes=\"auto, (max-width: 1024px) 100vw, 1024px\" \/><\/figure>\n\n\n\n<p><\/p>\n\n\n\n<p class=\"has-black-color has-text-color\">Fotografias de David Martins<\/p>\n","protected":false},"excerpt":{"rendered":"<p>SDFGJHGHFDGHGJ No Grupo Epopeia tem ao seu dispor diversos servi\u00e7os, que procuram solucionar v\u00e1rias quest\u00f5es do seu dia-a-dia: Fotografias de David Martins<\/p>\n","protected":false},"author":1,"featured_media":0,"parent":0,"menu_order":0,"comment_status":"closed","ping_status":"closed","template":"","meta":{"footnotes":""},"class_list":["post-166","page","type-page","status-publish","hentry"],"_links":{"self":[{"href":"https:\/\/epopeianumerica.pt\/index.php?rest_route=\/wp\/v2\/pages\/166","targetHints":{"allow":["GET"]}}],"collection":[{"href":"https:\/\/epopeianumerica.pt\/index.php?rest_route=\/wp\/v2\/pages"}],"about":[{"href":"https:\/\/epopeianumerica.pt\/index.php?rest_route=\/wp\/v2\/types\/page"}],"author":[{"embeddable":true,"href":"https:\/\/epopeianumerica.pt\/index.php?rest_route=\/wp\/v2\/users\/1"}],"replies":[{"embeddable":true,"href":"https:\/\/epopeianumerica.pt\/index.php?rest_route=%2Fwp%2Fv2%2Fcomments&post=166"}],"version-history":[{"count":15,"href":"https:\/\/epopeianumerica.pt\/index.php?rest_route=\/wp\/v2\/pages\/166\/revisions"}],"predecessor-version":[{"id":269,"href":"https:\/\/epopeianumerica.pt\/index.php?rest_route=\/wp\/v2\/pages\/166\/revisions\/269"}],"wp:attachment":[{"href":"https:\/\/epopeianumerica.pt\/index.php?rest_route=%2Fwp%2Fv2%2Fmedia&parent=166"}],"curies":[{"name":"wp","href":"https:\/\/api.w.org\/{rel}","templated":true}]}}